{"id":19,"date":"2019-06-21T07:17:45","date_gmt":"2019-06-21T07:17:45","guid":{"rendered":"http:\/\/bastion-hoffnung.de\/?page_id=19"},"modified":"2019-06-22T03:24:29","modified_gmt":"2019-06-22T03:24:29","slug":"wegfindung","status":"publish","type":"page","link":"https:\/\/bastion-hoffnung.de\/?page_id=19","title":{"rendered":"Wegfindung"},"content":{"rendered":"<p class=\"entry-title\"><span style=\"font-size: 16px;\"><a href=\"http:\/\/bastion-hoffnung.de\/wp-content\/uploads\/2019\/06\/Fotolia_34612648_XS.jpg\"><img loading=\"lazy\" decoding=\"async\" class=\"alignright size-medium wp-image-76\" src=\"http:\/\/bastion-hoffnung.de\/wp-content\/uploads\/2019\/06\/Fotolia_34612648_XS-300x221.jpg\" alt=\"\" width=\"300\" height=\"221\" srcset=\"https:\/\/bastion-hoffnung.de\/wp-content\/uploads\/2019\/06\/Fotolia_34612648_XS-300x221.jpg 300w, https:\/\/bastion-hoffnung.de\/wp-content\/uploads\/2019\/06\/Fotolia_34612648_XS.jpg 404w\" sizes=\"auto, (max-width: 300px) 100vw, 300px\" \/><\/a><\/span><\/p>\n<p style=\"text-align: justify;\">Zugegeben, bis es zu einer Alkohol-abh\u00e4ngigkeit kommt, ist es ein langer Weg! Dahinter verbirgt sich ein regelm\u00e4\u00dfiger Konsum (der Missbrauch) des Suchtmittels \u00fcber sehr viele Jahre.\u00a0Hierdurch entwickelte sich eine Toleranzsteigerung (Dosiser-h\u00f6hung) und ein Kontrollverlust (nicht mehr aufh\u00f6ren k\u00f6nnen) \u00fcber das Suchtmittel. \u00a0Der Alkohol wurde zum Dreh- und Angelpunkt des Lebens.<\/p>\n<p style=\"text-align: justify;\"><a href=\"http:\/\/bastion-hoffnung.de\/wp-content\/uploads\/2019\/06\/Fotolia_49309089_XS.jpg\"><img loading=\"lazy\" decoding=\"async\" class=\"size-medium wp-image-78 alignleft\" src=\"http:\/\/bastion-hoffnung.de\/wp-content\/uploads\/2019\/06\/Fotolia_49309089_XS-300x214.jpg\" alt=\"\" width=\"300\" height=\"214\" srcset=\"https:\/\/bastion-hoffnung.de\/wp-content\/uploads\/2019\/06\/Fotolia_49309089_XS-300x214.jpg 300w, https:\/\/bastion-hoffnung.de\/wp-content\/uploads\/2019\/06\/Fotolia_49309089_XS.jpg 410w\" sizes=\"auto, (max-width: 300px) 100vw, 300px\" \/><\/a>Gleichzeitig kam es zu einer Verhaltensver\u00e4nderung in Verbindung mit Ausreden, Rechtfertigungen, T\u00e4uschungen bis hin zu L\u00fcgen. Dieses Verhalten war notwendig, um regelm\u00e4\u00dfig Alkohol zu konsumieren. Denn nach dem jahrelangen Konsum von Alkohol hat sich im Gehirn ein Schalter von Missbrauch auf Sucht umgestellt.<\/p>\n<p style=\"text-align: justify;\"><a href=\"http:\/\/bastion-hoffnung.de\/wp-content\/uploads\/2019\/06\/Fotolia_51912516_XS.jpg\"><img loading=\"lazy\" decoding=\"async\" class=\"alignright size-medium wp-image-79\" src=\"http:\/\/bastion-hoffnung.de\/wp-content\/uploads\/2019\/06\/Fotolia_51912516_XS-300x200.jpg\" alt=\"\" width=\"300\" height=\"200\" srcset=\"https:\/\/bastion-hoffnung.de\/wp-content\/uploads\/2019\/06\/Fotolia_51912516_XS-300x200.jpg 300w, https:\/\/bastion-hoffnung.de\/wp-content\/uploads\/2019\/06\/Fotolia_51912516_XS.jpg 424w\" sizes=\"auto, (max-width: 300px) 100vw, 300px\" \/><\/a>Es hat sich ein Zustand eingestellt, wo der Mensch nicht mehr wegen des Genusses den Alkohol konsumiert, sondern wegen des zu erwartenden Erlebniszustandes (Rausch) sowie zur Vermeidung und Verminderung von Entzugserscheinungen (Schwei\u00dfaus-br\u00fcche, Delirium, Krampfanfall). \u00a0Das Leben wird immer mehr eingeengt und \u00a0es dreht sich nur noch um das Suchtmittel!<\/p>\n<div class=\"entry-content\">\n<p style=\"text-align: justify;\"><a href=\"http:\/\/bastion-hoffnung.de\/wp-content\/uploads\/2019\/06\/Fotolia_38678566_XS.jpg\"><img loading=\"lazy\" decoding=\"async\" class=\"alignleft size-medium wp-image-80\" src=\"http:\/\/bastion-hoffnung.de\/wp-content\/uploads\/2019\/06\/Fotolia_38678566_XS-300x200.jpg\" alt=\"\" width=\"300\" height=\"200\" srcset=\"https:\/\/bastion-hoffnung.de\/wp-content\/uploads\/2019\/06\/Fotolia_38678566_XS-300x200.jpg 300w, https:\/\/bastion-hoffnung.de\/wp-content\/uploads\/2019\/06\/Fotolia_38678566_XS.jpg 424w\" sizes=\"auto, (max-width: 300px) 100vw, 300px\" \/><\/a>Es treten dabei noch zus\u00e4tzlich einige Ereignisse in Ihrem Leben ein: Neben den gesundheitlichen Problemen verabschieden sich Freunde, Familienangeh\u00f6rige und Lebenspartner.\u00a0Der Arbeitgeber kommt nach mehreren erfolglosen Abmahnungen letztendlich zu dem Entschluss, dass man sich von Ihnen trennen sollte und spricht die K\u00fcndigung aus.<\/p>\n<p style=\"text-align: justify;\"><a href=\"http:\/\/bastion-hoffnung.de\/wp-content\/uploads\/2019\/06\/alkoholtest-713841.jpg\"><img loading=\"lazy\" decoding=\"async\" class=\"alignright size-medium wp-image-81\" src=\"http:\/\/bastion-hoffnung.de\/wp-content\/uploads\/2019\/06\/alkoholtest-713841-300x200.jpg\" alt=\"\" width=\"300\" height=\"200\" srcset=\"https:\/\/bastion-hoffnung.de\/wp-content\/uploads\/2019\/06\/alkoholtest-713841-300x200.jpg 300w, https:\/\/bastion-hoffnung.de\/wp-content\/uploads\/2019\/06\/alkoholtest-713841.jpg 320w\" sizes=\"auto, (max-width: 300px) 100vw, 300px\" \/><\/a>Wenn nicht schon vorher geschehen kommt man als Verkehrsteilnehmer in eine Polizei-kontrolle!\u00a0Auch wenn am Tag der Kontrolle nichts getrunken wurde, reicht der noch vom Vortag vorhandene Restalkohol im K\u00f6rper aus, um im Alkomaten und der Blutprobe ein positives Ergebnis zu produzieren. Man darf\u00a0sich f\u00fcr seh lange Zeit von seinem F\u00fchrerschein verabschieden!<\/p>\n<p style=\"text-align: justify;\">Das Bankkonto ist im Laufe der Zeit immer magerer geworden, so dass man nicht nur Probleme hat, die damit verbundene Geldstrafe, sondern auch die regelm\u00e4\u00dfigen Lebens-kosten \u00a0wie Versicherungen, Miete oder Raten\u00a0\u00a0zu bezahlen.<\/p>\n<p style=\"text-align: justify;\"><a href=\"http:\/\/bastion-hoffnung.de\/wp-content\/uploads\/2019\/06\/Fotolia_56962768_XS.jpg\"><img loading=\"lazy\" decoding=\"async\" class=\"alignleft size-medium wp-image-82\" src=\"http:\/\/bastion-hoffnung.de\/wp-content\/uploads\/2019\/06\/Fotolia_56962768_XS-300x219.jpg\" alt=\"\" width=\"300\" height=\"219\" srcset=\"https:\/\/bastion-hoffnung.de\/wp-content\/uploads\/2019\/06\/Fotolia_56962768_XS-300x219.jpg 300w, https:\/\/bastion-hoffnung.de\/wp-content\/uploads\/2019\/06\/Fotolia_56962768_XS.jpg 406w\" sizes=\"auto, (max-width: 300px) 100vw, 300px\" \/><\/a>Es gibt aber Hoffnung: Den Ausstieg aus der Alkoholabh\u00e4ngigkeit! Hierzu gibt es nicht den K\u00f6nigsweg, sondern jeder Betroffener muss hier seinen eigenen Weg finden und gehen. So gibt es Menschen, die nur durch die \u00a0Selbsthilfegruppe zu einer zufriedenen Abstinenz gefunden haben. Andere wieder-um erreichten dieses Ziel erst nach R\u00fcck-f\u00e4llen und Therapiema\u00dfnahmen.<\/p>\n<p><strong>Ausstieg (Entscheidung)<\/strong><\/p>\n<p style=\"text-align: justify;\"><a href=\"http:\/\/bastion-hoffnung.de\/wp-content\/uploads\/2019\/06\/Alkohol-entsorgen.jpg\"><img loading=\"lazy\" decoding=\"async\" class=\"alignright size-medium wp-image-83\" src=\"http:\/\/bastion-hoffnung.de\/wp-content\/uploads\/2019\/06\/Alkohol-entsorgen-300x226.jpg\" alt=\"\" width=\"300\" height=\"226\" srcset=\"https:\/\/bastion-hoffnung.de\/wp-content\/uploads\/2019\/06\/Alkohol-entsorgen-300x226.jpg 300w, https:\/\/bastion-hoffnung.de\/wp-content\/uploads\/2019\/06\/Alkohol-entsorgen.jpg 504w\" sizes=\"auto, (max-width: 300px) 100vw, 300px\" \/><\/a>Den Zeitpunkt f\u00fcr den Ausstieg muss jeder betroffene Mensch f\u00fcr sich selbst bestimmen! Die Alkoholabh\u00e4ngigkeit kann nicht geheilt, sondern nur zum Stillstand gebracht werden. Dies geht nur, wenn der Betroffene zu einer zufriedenen Abstinenz findet und auch f\u00fcr immer \u201edas erste Glas\u201c stehen l\u00e4sst.\u00a0Bereits hier ist der regelm\u00e4\u00dfige Besuch einer Selbsthilfegruppe hilfreich.<\/p>\n<p><strong>Entzug (Motivation)<\/strong><\/p>\n<p style=\"text-align: justify;\">Wie bereits erw\u00e4hnt ist es durch den jahrelangen Konsum von Alkohol zu Toleranz-steigerung und Kontrollverlust gekommen. Hierdurch ergeben sich f\u00fcr die Betroffenen bei Nichtkonsum teilweise lebensgef\u00e4hrliche Begleiterscheinungen wie Delirien und\/oder Krampfanf\u00e4lle. Der k\u00f6rperliche Entzug des Suchtmittels erfolgt unter \u00e4rztlicher \u00a0Aufsicht im Krankenhaus. Erforderlich hierzu ist eine Terminabsprache sowie eine \u00dcberweisung.<\/p>\n<p><strong>Therapie (Entw\u00f6hnung)<\/strong><\/p>\n<p style=\"text-align: justify;\">Die Therapie setzt einen k\u00f6rperlichen Entzug vorraus und kann sowohl station\u00e4r in einer speziellen Klinik, als auch ambulant in einer Suchtberatungs- oder Behandlungsstelle durchgef\u00fchrt werden. \u00a0Es gibt mittlerweile unterschiedliche Therapiekonzepte, die je nach Art und Umfang der Suchterkrankung individuell zugeschnitten sind. Die station\u00e4re Entw\u00f6hnungsbehandlung kann bis zu 16 Wochen dauern. Die ambulante Therapie besteht aus w\u00f6chentlichen Einzel- und Gruppengespr\u00e4chen und kann bis zu 2 Jahre dauern.<\/p>\n<p><strong>Selbsthilfegrupe (Nachsorge)<\/strong><\/p>\n<p style=\"text-align: justify;\">Nach erfolgter station\u00e4rer Therapie erfolgt die Nachsorge bei einer Suchtberatungsstelle und\/oder Selbsthilfegruppe. Die Dauer der Nachsorge betr\u00e4gt im Regelfall ca. 20 Wochen und beinhaltet Einzel- und Gruppengespr\u00e4che. F\u00fcr eine dauerhafte zufriedene Abstinenz wird der regelm\u00e4\u00dfige Besuch einer Selbsthilfegruppe empfohlen.<\/p>\n<p><a href=\"#\">Nach oben<\/a><\/p>\n<\/div>\n","protected":false},"excerpt":{"rendered":"<p>Zugegeben, bis es zu einer Alkohol-abh\u00e4ngigkeit kommt, ist es ein langer Weg! Dahinter verbirgt sich ein regelm\u00e4\u00dfiger Konsum (der Missbrauch) des Suchtmittels \u00fcber sehr viele Jahre.\u00a0Hierdurch entwickelte sich eine Toleranzsteigerung (Dosiser-h\u00f6hung) und ein Kontrollverlust (nicht mehr aufh\u00f6ren k\u00f6nnen) \u00fcber das &hellip; <a href=\"https:\/\/bastion-hoffnung.de\/?page_id=19\">Weiterlesen <span class=\"meta-nav\">&rarr;<\/span><\/a><\/p>\n","protected":false},"author":1,"featured_media":0,"parent":0,"menu_order":1,"comment_status":"closed","ping_status":"closed","template":"","meta":{"footnotes":""},"class_list":["post-19","page","type-page","status-publish","hentry"],"_links":{"self":[{"href":"https:\/\/bastion-hoffnung.de\/index.php?rest_route=\/wp\/v2\/pages\/19","targetHints":{"allow":["GET"]}}],"collection":[{"href":"https:\/\/bastion-hoffnung.de\/index.php?rest_route=\/wp\/v2\/pages"}],"about":[{"href":"https:\/\/bastion-hoffnung.de\/index.php?rest_route=\/wp\/v2\/types\/page"}],"author":[{"embeddable":true,"href":"https:\/\/bastion-hoffnung.de\/index.php?rest_route=\/wp\/v2\/users\/1"}],"replies":[{"embeddable":true,"href":"https:\/\/bastion-hoffnung.de\/index.php?rest_route=%2Fwp%2Fv2%2Fcomments&post=19"}],"version-history":[{"count":7,"href":"https:\/\/bastion-hoffnung.de\/index.php?rest_route=\/wp\/v2\/pages\/19\/revisions"}],"predecessor-version":[{"id":98,"href":"https:\/\/bastion-hoffnung.de\/index.php?rest_route=\/wp\/v2\/pages\/19\/revisions\/98"}],"wp:attachment":[{"href":"https:\/\/bastion-hoffnung.de\/index.php?rest_route=%2Fwp%2Fv2%2Fmedia&parent=19"}],"curies":[{"name":"wp","href":"https:\/\/api.w.org\/{rel}","templated":true}]}}