{"id":21,"date":"2019-06-21T07:19:15","date_gmt":"2019-06-21T07:19:15","guid":{"rendered":"http:\/\/bastion-hoffnung.de\/?page_id=21"},"modified":"2023-01-30T07:00:49","modified_gmt":"2023-01-30T07:00:49","slug":"selbsthilfe","status":"publish","type":"page","link":"https:\/\/bastion-hoffnung.de\/?page_id=21","title":{"rendered":"Selbsthilfe"},"content":{"rendered":"<div class=\"entry-content\">\n<div id=\"txt_59\">\n<p style=\"text-align: justify;\"><a href=\"http:\/\/bastion-hoffnung.de\/wp-content\/uploads\/2019\/06\/Fotolia_36196763_XS.jpg\"><img loading=\"lazy\" decoding=\"async\" class=\"alignright size-medium wp-image-67\" src=\"http:\/\/bastion-hoffnung.de\/wp-content\/uploads\/2019\/06\/Fotolia_36196763_XS-300x201.jpg\" alt=\"\" width=\"300\" height=\"201\" srcset=\"https:\/\/bastion-hoffnung.de\/wp-content\/uploads\/2019\/06\/Fotolia_36196763_XS-300x201.jpg 300w, https:\/\/bastion-hoffnung.de\/wp-content\/uploads\/2019\/06\/Fotolia_36196763_XS.jpg 423w\" sizes=\"auto, (max-width: 300px) 100vw, 300px\" \/><\/a>Selbsthilfegruppen sind die einfachste und vielleicht effektivste Form bei Gesundheits-problemen. In der Suchthilfe ist es erwiesen, dass etwa 80 % der regelm\u00e4\u00dfigen Besucher einer Selbsthilfegruppe dauerhaft abstinent bleiben.\u00a0Selbsthilfegruppen haben sich dort gebildet, wo Menschen in gemeinsamer Not waren und Selbsthilfe den Betroffenen eine Verbesserung der Situation versprach.<\/p>\n<p style=\"text-align: justify;\">Guttempler-Gemeinschaften sind den Selbsthilfegruppen zuzuordnen.\u00a0Das entscheidende Merkmal aller Selbsthilfegruppen im Bereich der Suchtkrankenhilfe ist die eigene Betroffenheit.<\/p>\n<p style=\"text-align: justify;\"><a href=\"http:\/\/bastion-hoffnung.de\/wp-content\/uploads\/2019\/06\/Fotolia_50073309_XS.jpg\"><img loading=\"lazy\" decoding=\"async\" class=\"alignleft size-medium wp-image-69\" src=\"http:\/\/bastion-hoffnung.de\/wp-content\/uploads\/2019\/06\/Fotolia_50073309_XS-300x214.jpg\" alt=\"\" width=\"300\" height=\"214\" srcset=\"https:\/\/bastion-hoffnung.de\/wp-content\/uploads\/2019\/06\/Fotolia_50073309_XS-300x214.jpg 300w, https:\/\/bastion-hoffnung.de\/wp-content\/uploads\/2019\/06\/Fotolia_50073309_XS.jpg 410w\" sizes=\"auto, (max-width: 300px) 100vw, 300px\" \/><\/a>Die Guttempler verf\u00fcgen in Deutschland mit ihren Gemeinschaften und Gespr\u00e4chs-gruppen \u00fcber eine gut organisierte und funktionierende Suchthilfe, durch die sich gut ein Drittel aller Hilfesuchenden ohne weitere professionelle Unterst\u00fctzung schon von ihren Alkoholproblemen befreien kann. Die Selbsthilfe, die den Guttempler-Orden pr\u00e4gt, ist Hilfe zur Selbstentscheidung.<\/p>\n<p style=\"text-align: justify;\">Damit sind die Suchtkranken selbst, aber auch ihre Angeh\u00f6rigen gemeint, die immer mitbetroffen sind, zumindest von den Folgen und Auswirkungen der Suchterkrankung und den damit zusammenh\u00e4ngenden \u2013 oft massiven \u2013 Beziehungsst\u00f6rungen.<\/p>\n<p><a href=\"http:\/\/bastion-hoffnung.de\/wp-content\/uploads\/2019\/06\/KOZEPT.jpg\"><img loading=\"lazy\" decoding=\"async\" class=\"aligncenter size-full wp-image-70\" src=\"http:\/\/bastion-hoffnung.de\/wp-content\/uploads\/2019\/06\/KOZEPT.jpg\" alt=\"\" width=\"638\" height=\"500\" srcset=\"https:\/\/bastion-hoffnung.de\/wp-content\/uploads\/2019\/06\/KOZEPT.jpg 638w, https:\/\/bastion-hoffnung.de\/wp-content\/uploads\/2019\/06\/KOZEPT-300x235.jpg 300w\" sizes=\"auto, (max-width: 638px) 100vw, 638px\" \/><\/a><\/p>\n<p style=\"text-align: justify;\">Selbsthilfe wirkt vor allem in der Gruppe: zun\u00e4chst f\u00fcr den Einzelnen als Selbsthilfe, dann in der Gruppe als Hilfe zur Selbsthilfe und schliesslich als Gruppe nach aussen. Die Zugeh\u00f6rigkeit zu einer Selbsthilfegruppe ist freiwillig. Alle Gruppenmitglieder sind gleichberechtigt.<\/p>\n<\/div>\n<div id=\"txt_64\">\n<p><a href=\"http:\/\/bastion-hoffnung.de\/wp-content\/uploads\/2019\/06\/Fotolia_60865451_XS.jpg\"><img loading=\"lazy\" decoding=\"async\" class=\"alignright wp-image-71 size-medium\" src=\"http:\/\/bastion-hoffnung.de\/wp-content\/uploads\/2019\/06\/Fotolia_60865451_XS-300x200.jpg\" alt=\"\" width=\"300\" height=\"200\" srcset=\"https:\/\/bastion-hoffnung.de\/wp-content\/uploads\/2019\/06\/Fotolia_60865451_XS-300x200.jpg 300w, https:\/\/bastion-hoffnung.de\/wp-content\/uploads\/2019\/06\/Fotolia_60865451_XS.jpg 424w\" sizes=\"auto, (max-width: 300px) 100vw, 300px\" \/><\/a><\/p>\n<p style=\"text-align: justify;\">Die Verantwortung, f\u00fcr alles, was in der Gruppe geschieht, liegt bei den Mitgliedern; es gibt keine Verantwortlichkeit \u2013 und somit auch keine Einmischung \u2013 von professi-onellen bzw. hauptamtlichen HelferInnen.<\/p>\n<p style=\"text-align: justify;\">Alle Teilnehmer einer Selbsthilfegruppe verfolgen das gleiche Ziel: die Bew\u00e4ltigung der Suchterkrankung und der damit zusammenh\u00e4ngenden Probleme.<\/p>\n<p style=\"text-align: justify;\">Vorraussetzung f\u00fcr die Mitarbeit in einer Selbsthilfegruppe ist die Bereitschaft, sich pers\u00f6nlich einzubringen.\u00a0Selbsthilfegruppen haben in erster Linie ein \u201eBeziehungsziel\u201c, f\u00fcr das die pers\u00f6nlichen Erlebnisse, Fragen und L\u00f6sungen wichtig sind.<\/p>\n<p style=\"text-align: justify;\"><a href=\"http:\/\/bastion-hoffnung.de\/wp-content\/uploads\/2019\/06\/Fotolia_59225826_XS.jpg\"><img loading=\"lazy\" decoding=\"async\" class=\"alignleft size-medium wp-image-72\" src=\"http:\/\/bastion-hoffnung.de\/wp-content\/uploads\/2019\/06\/Fotolia_59225826_XS-300x199.jpg\" alt=\"\" width=\"300\" height=\"199\" srcset=\"https:\/\/bastion-hoffnung.de\/wp-content\/uploads\/2019\/06\/Fotolia_59225826_XS-300x199.jpg 300w, https:\/\/bastion-hoffnung.de\/wp-content\/uploads\/2019\/06\/Fotolia_59225826_XS.jpg 425w\" sizes=\"auto, (max-width: 300px) 100vw, 300px\" \/><\/a>Sie k\u00f6nnen nur dann erfolgreich arbeiten, wenn die Teilnehmer ihre eigenen Erfahrun-gen und Probleme einbringen, Modell f\u00fcr andere Teilnehmer sind und versuchen, sich pers\u00f6nlich weiterzuentwickeln.\u00a0Selbsthilfe-gruppen sind eine Starthilfe zur zufriedenen Abstinenz. F\u00fcr viele Menschen werden sie zu einer dauerhaften Freundes- und Lebensgemeinschaft.<\/p>\n<\/div>\n<div id=\"txt_66\">\n<p><a href=\"#\">Nach oben<\/a><\/p>\n<\/div>\n<\/div>\n","protected":false},"excerpt":{"rendered":"<p>Selbsthilfegruppen sind die einfachste und vielleicht effektivste Form bei Gesundheits-problemen. In der Suchthilfe ist es erwiesen, dass etwa 80 % der regelm\u00e4\u00dfigen Besucher einer Selbsthilfegruppe dauerhaft abstinent bleiben.\u00a0Selbsthilfegruppen haben sich dort gebildet, wo Menschen in gemeinsamer Not waren und Selbsthilfe &hellip; <a href=\"https:\/\/bastion-hoffnung.de\/?page_id=21\">Weiterlesen <span class=\"meta-nav\">&rarr;<\/span><\/a><\/p>\n","protected":false},"author":1,"featured_media":0,"parent":0,"menu_order":2,"comment_status":"closed","ping_status":"closed","template":"","meta":{"footnotes":""},"class_list":["post-21","page","type-page","status-publish","hentry"],"_links":{"self":[{"href":"https:\/\/bastion-hoffnung.de\/index.php?rest_route=\/wp\/v2\/pages\/21","targetHints":{"allow":["GET"]}}],"collection":[{"href":"https:\/\/bastion-hoffnung.de\/index.php?rest_route=\/wp\/v2\/pages"}],"about":[{"href":"https:\/\/bastion-hoffnung.de\/index.php?rest_route=\/wp\/v2\/types\/page"}],"author":[{"embeddable":true,"href":"https:\/\/bastion-hoffnung.de\/index.php?rest_route=\/wp\/v2\/users\/1"}],"replies":[{"embeddable":true,"href":"https:\/\/bastion-hoffnung.de\/index.php?rest_route=%2Fwp%2Fv2%2Fcomments&post=21"}],"version-history":[{"count":7,"href":"https:\/\/bastion-hoffnung.de\/index.php?rest_route=\/wp\/v2\/pages\/21\/revisions"}],"predecessor-version":[{"id":352,"href":"https:\/\/bastion-hoffnung.de\/index.php?rest_route=\/wp\/v2\/pages\/21\/revisions\/352"}],"wp:attachment":[{"href":"https:\/\/bastion-hoffnung.de\/index.php?rest_route=%2Fwp%2Fv2%2Fmedia&parent=21"}],"curies":[{"name":"wp","href":"https:\/\/api.w.org\/{rel}","templated":true}]}}