{"id":4,"date":"2019-06-21T06:51:39","date_gmt":"2019-06-21T06:51:39","guid":{"rendered":"http:\/\/bastion-hoffnung.de\/?page_id=4"},"modified":"2024-03-04T04:42:49","modified_gmt":"2024-03-04T04:42:49","slug":"willkommen","status":"publish","type":"page","link":"https:\/\/bastion-hoffnung.de\/","title":{"rendered":"Willkommen"},"content":{"rendered":"<div class=\"entry-content\">\n<p style=\"text-align: justify;\"><a href=\"http:\/\/bastion-hoffnung.de\/wp-content\/uploads\/2019\/06\/Fotolia_25996526_XS.jpg\"><img loading=\"lazy\" decoding=\"async\" class=\"alignright size-medium wp-image-29\" src=\"http:\/\/bastion-hoffnung.de\/wp-content\/uploads\/2019\/06\/Fotolia_25996526_XS-300x201.jpg\" alt=\"\" width=\"300\" height=\"201\" srcset=\"https:\/\/bastion-hoffnung.de\/wp-content\/uploads\/2019\/06\/Fotolia_25996526_XS-300x201.jpg 300w, https:\/\/bastion-hoffnung.de\/wp-content\/uploads\/2019\/06\/Fotolia_25996526_XS.jpg 423w\" sizes=\"auto, (max-width: 300px) 100vw, 300px\" \/><\/a>Die Guttempler-Gemeinschaft Bastion Hoffnung in Nienburg (Weser) ist den Selbsthilfegruppen zuzuordnen und spielt eine wichtige Rolle f\u00fcr die \u00dcberwindung von Problemen, die mit Alkohol oder anderen Suchtmitteln in Verbindung stehen.\u00a0Bei unserem Gemeinschaftsabend k\u00f6nnen sich Betroffene und Angeh\u00f6rige gemeinsam \u00fcber diese Problematiken auseinandersetzen.<\/p>\n<div id=\"txt_55\">\n<p><strong>Gemeinschaftsabend<\/strong><\/p>\n<ul>\n<li style=\"list-style-type: none;\">\n<ul>\n<li style=\"list-style-type: none;\">\n<ul>\n<li style=\"list-style-type: none;\">\n<ul>\n<li style=\"list-style-type: none;\">\n<ul>\n<li>Jeden Mittwoch, von 19;00 Uhr bis 21:00 Uhr (<a href=\"http:\/\/bastion-hoffnung.de\/?page_id=41\" target=\"_blank\" rel=\"noopener\">Arbeitsplan<\/a>)<\/li>\n<li>Gemeindehaus der St. Michaeliskirche<\/li>\n<li>Martinsheidestra\u00dfe 8, 31582 Nienburg<\/li>\n<\/ul>\n<\/li>\n<\/ul>\n<\/li>\n<\/ul>\n<\/li>\n<\/ul>\n<\/li>\n<\/ul>\n<\/div>\n<div id=\"txt_56\">\n<ul>\n<li style=\"list-style-type: none;\">\n<ul>\n<li style=\"list-style-type: none;\">\n<ul>\n<li style=\"list-style-type: none;\">\n<ul>\n<li style=\"list-style-type: none;\">\n<ul>\n<li>Telefon: 05021 \u2013 925596 \u00a0 (Gerhard Kulawenski)<\/li>\n<li>Telefon: 04254 \u2013 8462 \u00a0 \u00a0 \u00a0 (Gertrud Schardt)<\/li>\n<li>Telefon: 0173 \u2013 4106302 \u00a0 (Norbert Siemering)<\/li>\n<\/ul>\n<\/li>\n<\/ul>\n<\/li>\n<\/ul>\n<\/li>\n<\/ul>\n<\/li>\n<\/ul>\n<div id=\"txt_55\">\n<ul>\n<li style=\"list-style-type: none;\">\n<ul>\n<li style=\"list-style-type: none;\"><\/li>\n<\/ul>\n<\/li>\n<\/ul>\n<\/div>\n<div id=\"txt_56\">\n<ul>\n<li style=\"list-style-type: none;\"><\/li>\n<\/ul>\n<\/div>\n<\/div>\n<p><a href=\"http:\/\/bastion-hoffnung.de\/wp-content\/uploads\/2019\/06\/Fotolia_53914090_XS.jpg\"><img loading=\"lazy\" decoding=\"async\" class=\"alignleft size-medium wp-image-60\" src=\"http:\/\/bastion-hoffnung.de\/wp-content\/uploads\/2019\/06\/Fotolia_53914090_XS-300x200.jpg\" alt=\"\" width=\"300\" height=\"200\" srcset=\"https:\/\/bastion-hoffnung.de\/wp-content\/uploads\/2019\/06\/Fotolia_53914090_XS-300x200.jpg 300w, https:\/\/bastion-hoffnung.de\/wp-content\/uploads\/2019\/06\/Fotolia_53914090_XS.jpg 424w\" sizes=\"auto, (max-width: 300px) 100vw, 300px\" \/><\/a><\/p>\n<p style=\"text-align: justify;\">Die Teilnahme an den Gemeinschafts-abenden kann selbstverst\u00e4ndlich auch ohne telefonische Anmeldung erfolgen. Einzel- oder Vorgespr\u00e4che k\u00f6nnen vorher statt finden. In der Gruppe finden Sie dann Menschen, die zuh\u00f6ren, antworten und Sie so annehmen, wie Sie sind. Hier geben sich die Teilnehmer gegenseitige Hilfe, Mut und Anregungen f\u00fcr eine zufriedene Abstinenz.<\/p>\n<p><a href=\"http:\/\/bastion-hoffnung.de\/wp-content\/uploads\/2019\/06\/Fotolia_60439715_XS.jpg\"><img loading=\"lazy\" decoding=\"async\" class=\"alignright size-medium wp-image-62\" src=\"http:\/\/bastion-hoffnung.de\/wp-content\/uploads\/2019\/06\/Fotolia_60439715_XS-300x200.jpg\" alt=\"\" width=\"300\" height=\"200\" srcset=\"https:\/\/bastion-hoffnung.de\/wp-content\/uploads\/2019\/06\/Fotolia_60439715_XS-300x200.jpg 300w, https:\/\/bastion-hoffnung.de\/wp-content\/uploads\/2019\/06\/Fotolia_60439715_XS.jpg 424w\" sizes=\"auto, (max-width: 300px) 100vw, 300px\" \/><\/a><\/p>\n<p style=\"text-align: justify;\">Alle Teilnehmenden k\u00f6nnen alles in die Gespr\u00e4che einbringen, was sie gerade bedr\u00fcckt, wo sie Schwierigkeiten haben oder was sie besonders erfreut.Wir haben keine Rezepte oder Patente gegen die Alkohol-abh\u00e4ngigkeit, aber wir haben gelernt, dass wir durch Zuwendung und Gespr\u00e4che neue Kraft f\u00fcr unser Leben gewinnen.<\/p>\n<p><a href=\"http:\/\/bastion-hoffnung.de\/wp-content\/uploads\/2019\/06\/Fotolia_4665940_XS.jpg\"><img loading=\"lazy\" decoding=\"async\" class=\"alignleft size-medium wp-image-63\" src=\"http:\/\/bastion-hoffnung.de\/wp-content\/uploads\/2019\/06\/Fotolia_4665940_XS-300x185.jpg\" alt=\"\" width=\"300\" height=\"185\" srcset=\"https:\/\/bastion-hoffnung.de\/wp-content\/uploads\/2019\/06\/Fotolia_4665940_XS-300x185.jpg 300w, https:\/\/bastion-hoffnung.de\/wp-content\/uploads\/2019\/06\/Fotolia_4665940_XS.jpg 442w\" sizes=\"auto, (max-width: 300px) 100vw, 300px\" \/><\/a><\/p>\n<p style=\"text-align: justify;\">Eine zufriedene Abstinenz ist das Ziel aller Teilnehmer. \u00dcber das Gruppengeschehen, die Gespr\u00e4che und den Beteiligten besteht eine \u00a0Schweigepflicht. In einer entspannten Atmosph\u00e4re wird \u00fcber die Bew\u00e4ltigung der Suchterkrankung, die Vermeidung von R\u00fcckf\u00e4llen und die Problematik bei Co-Abh\u00e4ngigem Verhalten gesprochen.<\/p>\n<p style=\"text-align: justify;\">Unsere ehrenamtlichen Angebote sind kostenlos und bestehen aus der Beratung bei Alkoholmissbrauch oder -abh\u00e4ngigkeit sowie die Selbsthilfe und Hilfe zur Selbsthilfe durch Information, Einzel- oder Gruppengespr\u00e4che sowie Freizeit- und Bildungs-veranstaltungen.<\/p>\n<p><a href=\"http:\/\/bastion-hoffnung.de\/wp-content\/uploads\/2019\/06\/Logo-1.gif\"><img loading=\"lazy\" decoding=\"async\" class=\"alignright size-full wp-image-64\" src=\"http:\/\/bastion-hoffnung.de\/wp-content\/uploads\/2019\/06\/Logo-1.gif\" alt=\"\" width=\"162\" height=\"162\" \/><\/a><\/p>\n<p style=\"text-align: justify;\">Der Deutsche Guttempler-Orden (IOGT) geh\u00f6rt zu keiner Konfession oder sonstigen Glaubensgemeinschaft. Einige \u00e4ltere Begriffe, die Sie vielleicht hier lesen oder im Gemeinschaftsabend h\u00f6ren, sind aus dem \u00fcber 160-j\u00e4hrigen Bestehen dieser Abstinenzorganisation erhalten geblieben.<\/p>\n<p>Zum Download:\u00a0<a href=\"http:\/\/bastion-hoffnung.de\/wp-content\/uploads\/2023\/02\/Flyer-Bastion-Hoffnung-2023.pdf\">Flyer der Gemeinschaft Bastion Hoffnung<\/a><\/p>\n<p>Zum Infovideo: \u00a0<a href=\"https:\/\/www.youtube.com\/watch?v=bGxJbkbCtZM\">Suchtselbsthilfe der Guttempler<\/a><\/p>\n<p>Wir w\u00fcnschen Ihnen viel Spass beim Durchst\u00f6bern der nachfolgenden Informationen.<\/p>\n<p><a href=\"#\">Nach oben<\/a><\/p>\n<\/div>\n","protected":false},"excerpt":{"rendered":"<p>Die Guttempler-Gemeinschaft Bastion Hoffnung in Nienburg (Weser) ist den Selbsthilfegruppen zuzuordnen und spielt eine wichtige Rolle f\u00fcr die \u00dcberwindung von Problemen, die mit Alkohol oder anderen Suchtmitteln in Verbindung stehen.\u00a0Bei unserem Gemeinschaftsabend k\u00f6nnen sich Betroffene und Angeh\u00f6rige gemeinsam \u00fcber diese &hellip; <a href=\"https:\/\/bastion-hoffnung.de\/\">Weiterlesen <span class=\"meta-nav\">&rarr;<\/span><\/a><\/p>\n","protected":false},"author":1,"featured_media":0,"parent":0,"menu_order":0,"comment_status":"closed","ping_status":"closed","template":"","meta":{"footnotes":""},"class_list":["post-4","page","type-page","status-publish","hentry"],"_links":{"self":[{"href":"https:\/\/bastion-hoffnung.de\/index.php?rest_route=\/wp\/v2\/pages\/4","targetHints":{"allow":["GET"]}}],"collection":[{"href":"https:\/\/bastion-hoffnung.de\/index.php?rest_route=\/wp\/v2\/pages"}],"about":[{"href":"https:\/\/bastion-hoffnung.de\/index.php?rest_route=\/wp\/v2\/types\/page"}],"author":[{"embeddable":true,"href":"https:\/\/bastion-hoffnung.de\/index.php?rest_route=\/wp\/v2\/users\/1"}],"replies":[{"embeddable":true,"href":"https:\/\/bastion-hoffnung.de\/index.php?rest_route=%2Fwp%2Fv2%2Fcomments&post=4"}],"version-history":[{"count":53,"href":"https:\/\/bastion-hoffnung.de\/index.php?rest_route=\/wp\/v2\/pages\/4\/revisions"}],"predecessor-version":[{"id":441,"href":"https:\/\/bastion-hoffnung.de\/index.php?rest_route=\/wp\/v2\/pages\/4\/revisions\/441"}],"wp:attachment":[{"href":"https:\/\/bastion-hoffnung.de\/index.php?rest_route=%2Fwp%2Fv2%2Fmedia&parent=4"}],"curies":[{"name":"wp","href":"https:\/\/api.w.org\/{rel}","templated":true}]}}